{"id":1690,"date":"2020-01-30T12:59:36","date_gmt":"2020-01-30T11:59:36","guid":{"rendered":"https:\/\/www.weik-rechtsanwalt.at\/?page_id=1690"},"modified":"2025-01-04T21:07:34","modified_gmt":"2025-01-04T20:07:34","slug":"impressum","status":"publish","type":"page","link":"https:\/\/www.weik-rechtsanwalt.at\/english\/impressum\/","title":{"rendered":"Legal Policy"},"content":{"rendered":"<div data-elementor-type=\"wp-page\" data-elementor-id=\"1690\" class=\"elementor elementor-1690\" data-elementor-post-type=\"page\">\n\t\t\t\t\t\t<section class=\"elementor-section elementor-top-section elementor-element elementor-element-8831e8b elementor-section-full_width elementor-section-height-default elementor-section-height-default\" data-id=\"8831e8b\" data-element_type=\"section\" data-settings=\"{&quot;jet_parallax_layout_list&quot;:[{&quot;jet_parallax_layout_image&quot;:{&quot;url&quot;:&quot;&quot;,&quot;id&quot;:&quot;&quot;,&quot;size&quot;:&quot;&quot;},&quot;_id&quot;:&quot;45541ee&quot;,&quot;jet_parallax_layout_image_tablet&quot;:{&quot;url&quot;:&quot;&quot;,&quot;id&quot;:&quot;&quot;,&quot;size&quot;:&quot;&quot;},&quot;jet_parallax_layout_image_mobile&quot;:{&quot;url&quot;:&quot;&quot;,&quot;id&quot;:&quot;&quot;,&quot;size&quot;:&quot;&quot;},&quot;jet_parallax_layout_speed&quot;:{&quot;unit&quot;:&quot;%&quot;,&quot;size&quot;:50,&quot;sizes&quot;:[]},&quot;jet_parallax_layout_type&quot;:&quot;scroll&quot;,&quot;jet_parallax_layout_direction&quot;:&quot;1&quot;,&quot;jet_parallax_layout_fx_direction&quot;:null,&quot;jet_parallax_layout_z_index&quot;:&quot;&quot;,&quot;jet_parallax_layout_bg_x&quot;:50,&quot;jet_parallax_layout_bg_x_tablet&quot;:&quot;&quot;,&quot;jet_parallax_layout_bg_x_mobile&quot;:&quot;&quot;,&quot;jet_parallax_layout_bg_y&quot;:50,&quot;jet_parallax_layout_bg_y_tablet&quot;:&quot;&quot;,&quot;jet_parallax_layout_bg_y_mobile&quot;:&quot;&quot;,&quot;jet_parallax_layout_bg_size&quot;:&quot;auto&quot;,&quot;jet_parallax_layout_bg_size_tablet&quot;:&quot;&quot;,&quot;jet_parallax_layout_bg_size_mobile&quot;:&quot;&quot;,&quot;jet_parallax_layout_animation_prop&quot;:&quot;transform&quot;,&quot;jet_parallax_layout_on&quot;:[&quot;desktop&quot;,&quot;tablet&quot;]}]}\">\n\t\t\t\t\t\t<div class=\"elementor-container elementor-column-gap-no\">\n\t\t\t\t\t<div class=\"elementor-column elementor-col-100 elementor-top-column elementor-element elementor-element-964ed6b\" data-id=\"964ed6b\" data-element_type=\"column\">\n\t\t\t<div class=\"elementor-widget-wrap elementor-element-populated\">\n\t\t\t\t\t\t<div class=\"elementor-element elementor-element-8291aaa elementor-widget elementor-widget-text-editor\" data-id=\"8291aaa\" data-element_type=\"widget\" data-widget_type=\"text-editor.default\">\n\t\t\t\t<div class=\"elementor-widget-container\">\n\t\t\t\t\t\t\t\t\t<h1><strong>Responsible for the content<\/strong><\/h1><p><b>Dr. Robert Weik<br \/><\/b><span style=\"font-size: 16.8px;\">A-1010 Wien, Wallnerstra\u00dfe 2\/28<\/span><\/p><p>T: +43 1 8903689<\/p><p>E: office@weik-rechtsanwalt.at<br \/>W: www.weik-rechtsanwalt.at<\/p><p>The updated version of the professional regulations can be found on the \u00d6RAK homepage. (above all: Lawyer's Code (RAO), guidelines for practicing the legal profession (RL-BA), Disciplinary Statute for Lawyers (DSt), Autonomous Fee Criteria (AHK), Lawyer's Tariff Act (RATG) and the Framework Arbitration and Arbitration Code)<\/p><p><strong>Disclaimer<\/strong><\/p><p>The texts on this website, photos, illustrations and the entire design enjoy copyright protection. Any - even partial - reproduction, processing, use, etc. requires the prior express written consent of Dr. Robert Weik. All content on this website is provided exclusively for the purpose of general and non-binding information, in particular no legal advice is given on this homepage. Visiting the homepage or using the content does not establish any kind of contractual relationship between the user and Dr. Robert Weik. Any guarantee, liability or other liability is excluded for all contents of the website. Use of this website is subject to the above terms of use.<\/p>\t\t\t\t\t\t\t\t<\/div>\n\t\t\t\t<\/div>\n\t\t\t\t\t<\/div>\n\t\t<\/div>\n\t\t\t\t\t<\/div>\n\t\t<\/section>\n\t\t\t\t<\/div>","protected":false},"excerpt":{"rendered":"<p>Verantwortlich f\u00fcr den Inhalt RA Dr. Robert WeikA-1010 Wien, Wallnerstra\u00dfe 2\/28 T: +43 1 8903689 E: office@weik-rechtsanwalt.atW: www.weik-rechtsanwalt.at Die berufsrechtlichen Vorschriften in der jeweils aktualisierten Fassung finden Sie auf der Homepage des \u00d6RAK. (va.: Rechtsanwaltsordnung (RAO), Richtlinien f\u00fcr die Aus\u00fcbung des Rechtsanwaltsberufes (RL-BA), Disziplinarstatut f\u00fcr Rechtsanw\u00e4lte (DSt), Autonome Honorar-Kriterien (AHK), Rechtsanwaltstarifgesetz (RATG) und die Rahmenschieds- [&hellip;]<\/p>","protected":false},"author":1,"featured_media":0,"parent":0,"menu_order":0,"comment_status":"closed","ping_status":"closed","template":"","meta":{"ocean_post_layout":"full-screen","ocean_both_sidebars_style":"","ocean_both_sidebars_content_width":0,"ocean_both_sidebars_sidebars_width":0,"ocean_sidebar":"0","ocean_second_sidebar":"0","ocean_disable_margins":"on","ocean_add_body_class":"","ocean_shortcode_before_top_bar":"","ocean_shortcode_after_top_bar":"","ocean_shortcode_before_header":"","ocean_shortcode_after_header":"","ocean_has_shortcode":"","ocean_shortcode_after_title":"","ocean_shortcode_before_footer_widgets":"","ocean_shortcode_after_footer_widgets":"","ocean_shortcode_before_footer_bottom":"","ocean_shortcode_after_footer_bottom":"","ocean_display_top_bar":"default","ocean_display_header":"default","ocean_header_style":"","ocean_center_header_left_menu":"0","ocean_custom_header_template":"0","ocean_custom_logo":0,"ocean_custom_retina_logo":0,"ocean_custom_logo_max_width":0,"ocean_custom_logo_tablet_max_width":0,"ocean_custom_logo_mobile_max_width":0,"ocean_custom_logo_max_height":0,"ocean_custom_logo_tablet_max_height":0,"ocean_custom_logo_mobile_max_height":0,"ocean_header_custom_menu":"0","ocean_menu_typo_font_family":"0","ocean_menu_typo_font_subset":"","ocean_menu_typo_font_size":0,"ocean_menu_typo_font_size_tablet":0,"ocean_menu_typo_font_size_mobile":0,"ocean_menu_typo_font_size_unit":"px","ocean_menu_typo_font_weight":"","ocean_menu_typo_font_weight_tablet":"","ocean_menu_typo_font_weight_mobile":"","ocean_menu_typo_transform":"","ocean_menu_typo_transform_tablet":"","ocean_menu_typo_transform_mobile":"","ocean_menu_typo_line_height":0,"ocean_menu_typo_line_height_tablet":0,"ocean_menu_typo_line_height_mobile":0,"ocean_menu_typo_line_height_unit":"","ocean_menu_typo_spacing":0,"ocean_menu_typo_spacing_tablet":0,"ocean_menu_typo_spacing_mobile":0,"ocean_menu_typo_spacing_unit":"","ocean_menu_link_color":"","ocean_menu_link_color_hover":"","ocean_menu_link_color_active":"","ocean_menu_link_background":"","ocean_menu_link_hover_background":"","ocean_menu_link_active_background":"","ocean_menu_social_links_bg":"","ocean_menu_social_hover_links_bg":"","ocean_menu_social_links_color":"","ocean_menu_social_hover_links_color":"","ocean_disable_title":"on","ocean_disable_heading":"default","ocean_post_title":"","ocean_post_subheading":"","ocean_post_title_style":"","ocean_post_title_background_color":"","ocean_post_title_background":0,"ocean_post_title_bg_image_position":"","ocean_post_title_bg_image_attachment":"","ocean_post_title_bg_image_repeat":"","ocean_post_title_bg_image_size":"","ocean_post_title_height":0,"ocean_post_title_bg_overlay":0.5,"ocean_post_title_bg_overlay_color":"","ocean_disable_breadcrumbs":"default","ocean_breadcrumbs_color":"","ocean_breadcrumbs_separator_color":"","ocean_breadcrumbs_links_color":"","ocean_breadcrumbs_links_hover_color":"","ocean_display_footer_widgets":"default","ocean_display_footer_bottom":"default","ocean_custom_footer_template":"0","footnotes":""},"class_list":["post-1690","page","type-page","status-publish","hentry","entry"],"aioseo_notices":[],"_links":{"self":[{"href":"https:\/\/www.weik-rechtsanwalt.at\/english\/wp-json\/wp\/v2\/pages\/1690","targetHints":{"allow":["GET"]}}],"collection":[{"href":"https:\/\/www.weik-rechtsanwalt.at\/english\/wp-json\/wp\/v2\/pages"}],"about":[{"href":"https:\/\/www.weik-rechtsanwalt.at\/english\/wp-json\/wp\/v2\/types\/page"}],"author":[{"embeddable":true,"href":"https:\/\/www.weik-rechtsanwalt.at\/english\/wp-json\/wp\/v2\/users\/1"}],"replies":[{"embeddable":true,"href":"https:\/\/www.weik-rechtsanwalt.at\/english\/wp-json\/wp\/v2\/comments?post=1690"}],"version-history":[{"count":0,"href":"https:\/\/www.weik-rechtsanwalt.at\/english\/wp-json\/wp\/v2\/pages\/1690\/revisions"}],"wp:attachment":[{"href":"https:\/\/www.weik-rechtsanwalt.at\/english\/wp-json\/wp\/v2\/media?parent=1690"}],"curies":[{"name":"wp","href":"https:\/\/api.w.org\/{rel}","templated":true}]}}